{"id":79,"date":"2025-02-03T18:33:06","date_gmt":"2025-02-03T17:33:06","guid":{"rendered":"https:\/\/sanslesoleiljenesuisrien.fr\/?page_id=79"},"modified":"2025-04-13T19:01:14","modified_gmt":"2025-04-13T17:01:14","slug":"monte-a-bes","status":"publish","type":"page","link":"https:\/\/sanslesoleiljenesuisrien.fr\/index.php\/monte-a-bes\/","title":{"rendered":"Monte \u00e0 B\u00e8s"},"content":{"rendered":"\n<div class=\"wp-block-group alignfull is-layout-flow wp-block-group-is-layout-flow\" style=\"padding-right:2rem;padding-left:2rem\">\n<div class=\"wp-block-query alignwide is-layout-constrained wp-block-query-is-layout-constrained\"><ul class=\"columns-3 alignwide wp-block-post-template is-layout-grid wp-container-core-post-template-is-layout-6d3fbd8f wp-block-post-template-is-layout-grid\"><li class=\"wp-block-post post-132 post type-post status-publish format-standard has-post-thumbnail hentry category-monteabes\">\n<figure class=\"wp-block-post-featured-image\"><a href=\"https:\/\/sanslesoleiljenesuisrien.fr\/index.php\/2025\/04\/19\/ques-aquo\/\" target=\"_self\"  ><img fetchpriority=\"high\" decoding=\"async\" width=\"1200\" height=\"150\" src=\"https:\/\/sanslesoleiljenesuisrien.fr\/wp-content\/uploads\/2025\/03\/Top-articles-site-p4.png\" class=\"attachment-post-thumbnail size-post-thumbnail wp-post-image\" alt=\"Qu&#8217;es aqu\u00f2 ?\" style=\"object-fit:cover;\" srcset=\"https:\/\/sanslesoleiljenesuisrien.fr\/wp-content\/uploads\/2025\/03\/Top-articles-site-p4.png 1200w, https:\/\/sanslesoleiljenesuisrien.fr\/wp-content\/uploads\/2025\/03\/Top-articles-site-p4-300x38.png 300w, https:\/\/sanslesoleiljenesuisrien.fr\/wp-content\/uploads\/2025\/03\/Top-articles-site-p4-1024x128.png 1024w, https:\/\/sanslesoleiljenesuisrien.fr\/wp-content\/uploads\/2025\/03\/Top-articles-site-p4-768x96.png 768w\" sizes=\"(max-width: 1200px) 100vw, 1200px\" \/><\/a><\/figure>\n\n<h2 class=\"wp-block-post-title has-x-large-font-size\"><a href=\"https:\/\/sanslesoleiljenesuisrien.fr\/index.php\/2025\/04\/19\/ques-aquo\/\" target=\"_self\" >Qu&#8217;es aqu\u00f2 ?<\/a><\/h2>\n\n<div class=\"wp-block-post-excerpt\"><p class=\"wp-block-post-excerpt__excerpt\">Premier \u00e9v\u00e9nement de l&#8217;association, Monte \u00e0 B\u00e8s est une initiative culturelle visant \u00e0 organiser une journ\u00e9e festive interg\u00e9n\u00e9rationnelle, le 12 juillet 2025 \u00e0 Florentin-la-Capelle, pour c\u00e9l\u00e9brer les cultures et musiques traditionnelles du Massif Central \u00e0 la Bretagne et leurs hybridations contemporaines. Premier \u00e9v\u00e9nement de l&#8217;association, Monte \u00e0 B\u00e8s est une initiative culturelle visant \u00e0 organiser&hellip; <\/p><\/div>\n<\/li><li class=\"wp-block-post post-152 post type-post status-publish format-standard has-post-thumbnail hentry category-monteabes\">\n<figure class=\"wp-block-post-featured-image\"><a href=\"https:\/\/sanslesoleiljenesuisrien.fr\/index.php\/2025\/04\/18\/une-journee-festive\/\" target=\"_self\"  ><img decoding=\"async\" width=\"1200\" height=\"150\" src=\"https:\/\/sanslesoleiljenesuisrien.fr\/wp-content\/uploads\/2025\/04\/Top-articles-site.png\" class=\"attachment-post-thumbnail size-post-thumbnail wp-post-image\" alt=\"Une journ\u00e9e festive\" style=\"object-fit:cover;\" srcset=\"https:\/\/sanslesoleiljenesuisrien.fr\/wp-content\/uploads\/2025\/04\/Top-articles-site.png 1200w, https:\/\/sanslesoleiljenesuisrien.fr\/wp-content\/uploads\/2025\/04\/Top-articles-site-300x38.png 300w, https:\/\/sanslesoleiljenesuisrien.fr\/wp-content\/uploads\/2025\/04\/Top-articles-site-1024x128.png 1024w, https:\/\/sanslesoleiljenesuisrien.fr\/wp-content\/uploads\/2025\/04\/Top-articles-site-768x96.png 768w\" sizes=\"(max-width: 1200px) 100vw, 1200px\" \/><\/a><\/figure>\n\n<h2 class=\"wp-block-post-title has-x-large-font-size\"><a href=\"https:\/\/sanslesoleiljenesuisrien.fr\/index.php\/2025\/04\/18\/une-journee-festive\/\" target=\"_self\" >Une journ\u00e9e festive<\/a><\/h2>\n\n<div class=\"wp-block-post-excerpt\"><p class=\"wp-block-post-excerpt__excerpt\">La journ\u00e9e commence par un premier temps gratuit et accessible \u00e0 tous, dans le bourg de la Capelle. Elle allie divertissement, d\u00e9couverte et transmission de savoirs gr\u00e2ce \u00e0 des stands d&#8217;artisans locaux, un spectacle de contes et des ateliers d&#8217;initiation. Petits et grands d\u00e9couvriront les traditions locales, l\u2019artisanat, la danse et le patrimoine vivant de&hellip; <\/p><\/div>\n<\/li><li class=\"wp-block-post post-155 post type-post status-publish format-standard has-post-thumbnail hentry category-monteabes\">\n<figure class=\"wp-block-post-featured-image\"><a href=\"https:\/\/sanslesoleiljenesuisrien.fr\/index.php\/2025\/04\/17\/une-soiree-concert\/\" target=\"_self\"  ><img decoding=\"async\" width=\"1200\" height=\"150\" src=\"https:\/\/sanslesoleiljenesuisrien.fr\/wp-content\/uploads\/2025\/04\/Top-articles-site-2.png\" class=\"attachment-post-thumbnail size-post-thumbnail wp-post-image\" alt=\"Une soir\u00e9e concert\" style=\"object-fit:cover;\" srcset=\"https:\/\/sanslesoleiljenesuisrien.fr\/wp-content\/uploads\/2025\/04\/Top-articles-site-2.png 1200w, https:\/\/sanslesoleiljenesuisrien.fr\/wp-content\/uploads\/2025\/04\/Top-articles-site-2-300x38.png 300w, https:\/\/sanslesoleiljenesuisrien.fr\/wp-content\/uploads\/2025\/04\/Top-articles-site-2-1024x128.png 1024w, https:\/\/sanslesoleiljenesuisrien.fr\/wp-content\/uploads\/2025\/04\/Top-articles-site-2-768x96.png 768w\" sizes=\"(max-width: 1200px) 100vw, 1200px\" \/><\/a><\/figure>\n\n<h2 class=\"wp-block-post-title has-x-large-font-size\"><a href=\"https:\/\/sanslesoleiljenesuisrien.fr\/index.php\/2025\/04\/17\/une-soiree-concert\/\" target=\"_self\" >Une soir\u00e9e concert<\/a><\/h2>\n\n<div class=\"wp-block-post-excerpt\"><p class=\"wp-block-post-excerpt__excerpt\">Une soir\u00e9e en plein air au sommet du Puy de Montab\u00e8s, de l\u2019aligot, des amis attabl\u00e9s, une atmosph\u00e8re de f\u00eate populaire, o\u00f9 petits et grands dansent la bourr\u00e9e. Un temps o\u00f9 les g\u00e9n\u00e9rations se m\u00e9langent et partagent l\u2019instant, une c\u00e9l\u00e9bration \u00e0 nos traditions, culinaires et musicales. La programmation est une invitation \u00e0 la d\u00e9couverte, une&hellip; <\/p><\/div>\n<\/li><li class=\"wp-block-post post-181 post type-post status-publish format-standard has-post-thumbnail hentry category-monteabes\">\n<figure class=\"wp-block-post-featured-image\"><a href=\"https:\/\/sanslesoleiljenesuisrien.fr\/index.php\/2025\/04\/15\/infos-pratiques\/\" target=\"_self\"  ><img loading=\"lazy\" decoding=\"async\" width=\"1200\" height=\"150\" src=\"https:\/\/sanslesoleiljenesuisrien.fr\/wp-content\/uploads\/2025\/03\/Top-articles-site-1.png\" class=\"attachment-post-thumbnail size-post-thumbnail wp-post-image\" alt=\"Infos pratiques\" style=\"object-fit:cover;\" srcset=\"https:\/\/sanslesoleiljenesuisrien.fr\/wp-content\/uploads\/2025\/03\/Top-articles-site-1.png 1200w, https:\/\/sanslesoleiljenesuisrien.fr\/wp-content\/uploads\/2025\/03\/Top-articles-site-1-300x38.png 300w, https:\/\/sanslesoleiljenesuisrien.fr\/wp-content\/uploads\/2025\/03\/Top-articles-site-1-1024x128.png 1024w, https:\/\/sanslesoleiljenesuisrien.fr\/wp-content\/uploads\/2025\/03\/Top-articles-site-1-768x96.png 768w\" sizes=\"(max-width: 1200px) 100vw, 1200px\" \/><\/a><\/figure>\n\n<h2 class=\"wp-block-post-title has-x-large-font-size\"><a href=\"https:\/\/sanslesoleiljenesuisrien.fr\/index.php\/2025\/04\/15\/infos-pratiques\/\" target=\"_self\" >Infos pratiques<\/a><\/h2>\n\n<div class=\"wp-block-post-excerpt\"><p class=\"wp-block-post-excerpt__excerpt\">R\u00e9server ma place Toutes les animations propos\u00e9es l&#8217;apr\u00e8s-midi son gratuites. Le spectacle de Malika Verlaghet sera en participation libre mais n\u00e9cessaire. Seule la soir\u00e9e concert est payante : 15\u20ac en pr\u00e9ventes, 20\u20ac sur place. Tarifs r\u00e9duits pour les enfants et gratuit pour les moins de 12 ans.\u00a0 Attention, pour les concerts du soir, la jauge&hellip; <\/p><\/div>\n<\/li><li class=\"wp-block-post post-81 post type-post status-publish format-standard has-post-thumbnail hentry category-monteabes\">\n<figure class=\"wp-block-post-featured-image\"><a href=\"https:\/\/sanslesoleiljenesuisrien.fr\/index.php\/2025\/02\/03\/suivez-le-projet-sur-cfm-radio\/\" target=\"_self\"  ><img loading=\"lazy\" decoding=\"async\" width=\"1200\" height=\"150\" src=\"https:\/\/sanslesoleiljenesuisrien.fr\/wp-content\/uploads\/2025\/02\/Top-site.png\" class=\"attachment-post-thumbnail size-post-thumbnail wp-post-image\" alt=\"Suivez le projet sur CFM Radio\" style=\"object-fit:cover;\" srcset=\"https:\/\/sanslesoleiljenesuisrien.fr\/wp-content\/uploads\/2025\/02\/Top-site.png 1200w, https:\/\/sanslesoleiljenesuisrien.fr\/wp-content\/uploads\/2025\/02\/Top-site-300x38.png 300w, https:\/\/sanslesoleiljenesuisrien.fr\/wp-content\/uploads\/2025\/02\/Top-site-1024x128.png 1024w, https:\/\/sanslesoleiljenesuisrien.fr\/wp-content\/uploads\/2025\/02\/Top-site-768x96.png 768w\" sizes=\"(max-width: 1200px) 100vw, 1200px\" \/><\/a><\/figure>\n\n<h2 class=\"wp-block-post-title has-x-large-font-size\"><a href=\"https:\/\/sanslesoleiljenesuisrien.fr\/index.php\/2025\/02\/03\/suivez-le-projet-sur-cfm-radio\/\" target=\"_self\" >Suivez le projet sur CFM Radio<\/a><\/h2>\n\n<div class=\"wp-block-post-excerpt\"><p class=\"wp-block-post-excerpt__excerpt\">Chaque mois, de d\u00e9cembre \u00e0 juillet, l&#8217;\u00e9quipe organisatrice de Monte \u00e0 Bes, pr\u00e9sentera un des aspects du projet sur CFM Radio Rodez. L&#8217;ensemble des \u00e9missions sera disponible en podcast, via les liens ci-dessous : D\u00e9cembre 2024 : Pr\u00e9sentation g\u00e9n\u00e9rale du projet, avec Pablo et Sarah Janvier 2025 : Premiers noms de la programmation, avec Greg&hellip; <\/p><\/div>\n<\/li><li class=\"wp-block-post post-96 post type-post status-publish format-standard has-post-thumbnail hentry category-monteabes\">\n<figure class=\"wp-block-post-featured-image\"><a href=\"https:\/\/sanslesoleiljenesuisrien.fr\/index.php\/2025\/01\/31\/ils-nous-soutiennent\/\" target=\"_self\"  ><img loading=\"lazy\" decoding=\"async\" width=\"1200\" height=\"150\" src=\"https:\/\/sanslesoleiljenesuisrien.fr\/wp-content\/uploads\/2025\/02\/unnamed-file.png\" class=\"attachment-post-thumbnail size-post-thumbnail wp-post-image\" alt=\"Ils nous soutiennent\" style=\"object-fit:cover;\" srcset=\"https:\/\/sanslesoleiljenesuisrien.fr\/wp-content\/uploads\/2025\/02\/unnamed-file.png 1200w, https:\/\/sanslesoleiljenesuisrien.fr\/wp-content\/uploads\/2025\/02\/unnamed-file-300x38.png 300w, https:\/\/sanslesoleiljenesuisrien.fr\/wp-content\/uploads\/2025\/02\/unnamed-file-1024x128.png 1024w, https:\/\/sanslesoleiljenesuisrien.fr\/wp-content\/uploads\/2025\/02\/unnamed-file-768x96.png 768w\" sizes=\"(max-width: 1200px) 100vw, 1200px\" \/><\/a><\/figure>\n\n<h2 class=\"wp-block-post-title has-x-large-font-size\"><a href=\"https:\/\/sanslesoleiljenesuisrien.fr\/index.php\/2025\/01\/31\/ils-nous-soutiennent\/\" target=\"_self\" >Ils nous soutiennent<\/a><\/h2>\n\n<div class=\"wp-block-post-excerpt\"><p class=\"wp-block-post-excerpt__excerpt\">Ce projet ne serait pas r\u00e9alisable dans l&#8217;aide et le soutient de nos partenaires : La Commune de Florentin-La-Capelle, La Communaut\u00e9 de Communes Aubrac Carladez Viad\u00e8ne, Le D\u00e9partement de l&#8217;Aveyron CFM Radio, La Bourse AJIR, un dispositif coordonn\u00e9e par l\u2019Information Jeunesse, et financ\u00e9 par la CAF de l\u2019Aveyron, le Service D\u00e9partemental Jeunesse, Engagement et Sport&hellip; <\/p><\/div>\n<\/li><\/ul>\n\n\n<div style=\"height:40px\" aria-hidden=\"true\" class=\"wp-block-spacer\"><\/div>\n\n\n\n\n\n<div style=\"height:40px\" aria-hidden=\"true\" class=\"wp-block-spacer\"><\/div>\n<\/div>\n<\/div>\n","protected":false},"excerpt":{"rendered":"","protected":false},"author":1,"featured_media":0,"parent":0,"menu_order":0,"comment_status":"closed","ping_status":"closed","template":"","meta":{"footnotes":""},"class_list":["post-79","page","type-page","status-publish","hentry"],"jetpack_sharing_enabled":true,"_links":{"self":[{"href":"https:\/\/sanslesoleiljenesuisrien.fr\/index.php\/wp-json\/wp\/v2\/pages\/79","targetHints":{"allow":["GET"]}}],"collection":[{"href":"https:\/\/sanslesoleiljenesuisrien.fr\/index.php\/wp-json\/wp\/v2\/pages"}],"about":[{"href":"https:\/\/sanslesoleiljenesuisrien.fr\/index.php\/wp-json\/wp\/v2\/types\/page"}],"author":[{"embeddable":true,"href":"https:\/\/sanslesoleiljenesuisrien.fr\/index.php\/wp-json\/wp\/v2\/users\/1"}],"replies":[{"embeddable":true,"href":"https:\/\/sanslesoleiljenesuisrien.fr\/index.php\/wp-json\/wp\/v2\/comments?post=79"}],"version-history":[{"count":8,"href":"https:\/\/sanslesoleiljenesuisrien.fr\/index.php\/wp-json\/wp\/v2\/pages\/79\/revisions"}],"predecessor-version":[{"id":241,"href":"https:\/\/sanslesoleiljenesuisrien.fr\/index.php\/wp-json\/wp\/v2\/pages\/79\/revisions\/241"}],"wp:attachment":[{"href":"https:\/\/sanslesoleiljenesuisrien.fr\/index.php\/wp-json\/wp\/v2\/media?parent=79"}],"curies":[{"name":"wp","href":"https:\/\/api.w.org\/{rel}","templated":true}]}}